{"id":359,"date":"2025-05-13T13:15:30","date_gmt":"2025-05-13T13:15:30","guid":{"rendered":"https:\/\/imperialis-split.com\/?page_id=359"},"modified":"2025-05-26T15:41:16","modified_gmt":"2025-05-26T15:41:16","slug":"imperialis-primosten","status":"publish","type":"page","link":"https:\/\/imperialis-split.com\/?page_id=359","title":{"rendered":"Imperialis | Primo\u0161ten"},"content":{"rendered":"\t\t<div data-elementor-type=\"wp-page\" data-elementor-id=\"359\" class=\"elementor elementor-359\" data-elementor-post-type=\"page\">\n\t\t\t\t<div class=\"elementor-element elementor-element-4e3cecc e-flex e-con-boxed e-con e-parent\" data-id=\"4e3cecc\" data-element_type=\"container\" data-settings=\"{&quot;background_background&quot;:&quot;classic&quot;}\">\n\t\t\t\t\t<div class=\"e-con-inner\">\n\t\t\t\t<div class=\"elementor-element elementor-element-7dc0268 elementor-widget elementor-widget-heading\" data-id=\"7dc0268\" data-element_type=\"widget\" data-widget_type=\"heading.default\">\n\t\t\t\t<div class=\"elementor-widget-container\">\n\t\t\t\t\t<h2 class=\"elementor-heading-title elementor-size-default\">LA PRESQU\u2019\u00ceLE DE PRIMO\u0160TEN<\/h2>\t\t\t\t<\/div>\n\t\t\t\t<\/div>\n\t\t\t\t<div class=\"elementor-element elementor-element-d472afc elementor-widget elementor-widget-heading\" data-id=\"d472afc\" data-element_type=\"widget\" data-widget_type=\"heading.default\">\n\t\t\t\t<div class=\"elementor-widget-container\">\n\t\t\t\t\t<h2 class=\"elementor-heading-title elementor-size-default\">(1\/2 JOURN\u00c9E)<\/h2>\t\t\t\t<\/div>\n\t\t\t\t<\/div>\n\t\t\t\t\t<\/div>\n\t\t\t\t<\/div>\n\t\t<div class=\"elementor-element elementor-element-839c423 e-flex e-con-boxed e-con e-parent\" data-id=\"839c423\" data-element_type=\"container\">\n\t\t\t\t\t<div class=\"e-con-inner\">\n\t\t<div class=\"elementor-element elementor-element-326d5de e-con-full e-flex e-con e-child\" data-id=\"326d5de\" data-element_type=\"container\">\n\t\t\t\t<div class=\"elementor-element elementor-element-4e1177f elementor--h-position-center elementor--v-position-middle elementor-arrows-position-inside elementor-pagination-position-inside elementor-widget elementor-widget-slides\" data-id=\"4e1177f\" data-element_type=\"widget\" data-settings=\"{&quot;navigation&quot;:&quot;both&quot;,&quot;autoplay&quot;:&quot;yes&quot;,&quot;pause_on_hover&quot;:&quot;yes&quot;,&quot;pause_on_interaction&quot;:&quot;yes&quot;,&quot;autoplay_speed&quot;:5000,&quot;infinite&quot;:&quot;yes&quot;,&quot;transition&quot;:&quot;slide&quot;,&quot;transition_speed&quot;:500}\" data-widget_type=\"slides.default\">\n\t\t\t\t<div class=\"elementor-widget-container\">\n\t\t\t\t\t\t\t\t\t<div class=\"elementor-swiper\">\n\t\t\t\t\t<div class=\"elementor-slides-wrapper elementor-main-swiper swiper\" role=\"region\" aria-roledescription=\"carousel\" aria-label=\"Slides\" dir=\"ltr\" data-animation=\"fadeInUp\">\n\t\t\t\t<div class=\"swiper-wrapper elementor-slides\">\n\t\t\t\t\t\t\t\t\t\t<div class=\"elementor-repeater-item-a7fabea swiper-slide\" role=\"group\" aria-roledescription=\"slide\"><div class=\"swiper-slide-bg\" role=\"img\"><\/div><div class=\"swiper-slide-inner\" ><div class=\"swiper-slide-contents\"><\/div><\/div><\/div><div class=\"elementor-repeater-item-7b40d32 swiper-slide\" role=\"group\" aria-roledescription=\"slide\"><div class=\"swiper-slide-bg\" role=\"img\"><\/div><div class=\"swiper-slide-inner\" ><div class=\"swiper-slide-contents\"><\/div><\/div><\/div>\t\t\t\t<\/div>\n\t\t\t\t\t\t\t\t\t\t\t\t\t\t\t<div class=\"elementor-swiper-button elementor-swiper-button-prev\" role=\"button\" tabindex=\"0\" aria-label=\"Diapositive pr\u00e9c\u00e9dente\">\n\t\t\t\t\t\t\t<svg aria-hidden=\"true\" class=\"e-font-icon-svg e-eicon-chevron-left\" viewBox=\"0 0 1000 1000\" xmlns=\"http:\/\/www.w3.org\/2000\/svg\"><path d=\"M646 125C629 125 613 133 604 142L308 442C296 454 292 471 292 487 292 504 296 521 308 533L604 854C617 867 629 875 646 875 663 875 679 871 692 858 704 846 713 829 713 812 713 796 708 779 692 767L438 487 692 225C700 217 708 204 708 187 708 171 704 154 692 142 675 129 663 125 646 125Z\"><\/path><\/svg>\t\t\t\t\t\t<\/div>\n\t\t\t\t\t\t<div class=\"elementor-swiper-button elementor-swiper-button-next\" role=\"button\" tabindex=\"0\" aria-label=\"Diapositive suivante\">\n\t\t\t\t\t\t\t<svg aria-hidden=\"true\" class=\"e-font-icon-svg e-eicon-chevron-right\" viewBox=\"0 0 1000 1000\" xmlns=\"http:\/\/www.w3.org\/2000\/svg\"><path d=\"M696 533C708 521 713 504 713 487 713 471 708 454 696 446L400 146C388 133 375 125 354 125 338 125 325 129 313 142 300 154 292 171 292 187 292 204 296 221 308 233L563 492 304 771C292 783 288 800 288 817 288 833 296 850 308 863 321 871 338 875 354 875 371 875 388 867 400 854L696 533Z\"><\/path><\/svg>\t\t\t\t\t\t<\/div>\n\t\t\t\t\t\t\t\t\t\t\t\t\t\t\t\t<div class=\"swiper-pagination\"><\/div>\n\t\t\t\t\t\t\t\t\t\t\t\t<\/div>\n\t\t\t\t<\/div>\n\t\t\t\t\t\t\t\t<\/div>\n\t\t\t\t<\/div>\n\t\t\t\t<\/div>\n\t\t<div class=\"elementor-element elementor-element-c048e17 e-con-full e-flex e-con e-child\" data-id=\"c048e17\" data-element_type=\"container\">\n\t\t\t\t<div class=\"elementor-element elementor-element-f49f2ef elementor-widget elementor-widget-text-editor\" data-id=\"f49f2ef\" data-element_type=\"widget\" data-widget_type=\"text-editor.default\">\n\t\t\t\t<div class=\"elementor-widget-container\">\n\t\t\t\t\t\t\t\t\t<p class=\"\" data-start=\"149\" data-end=\"347\">Situ\u00e9e \u00e0 30mn de l\u2019h\u00f4tel par la c\u00f4te, Primo\u0161ten \u00e9tait autrefois une petite \u00eele rocheuse en forme de c\u00f4ne, reli\u00e9e \u00e0 la terre ferme par un pont-levis, qui fut remplac\u00e9 par un terre-plein artificielle.<\/p><p class=\"\" data-start=\"149\" data-end=\"347\">Entour\u00e9 de 7 \u00eelots inhabit\u00e9s et connu pour \u00eatre un village de p\u00eacheur, Primo\u0161ten est aujourd\u2019hui une destination touristique qui attire beaucoup de visiteurs.<\/p><p class=\"\" data-start=\"149\" data-end=\"347\">L\u2019origine de son nom remonte \u00e0 1564, du terme croate <strong data-start=\"563\" data-end=\"577\">primostiti<\/strong> qui signifie \u00ab lier par un pont \u00bb.<\/p><p class=\"\" data-start=\"149\" data-end=\"347\">Profitez de cette demi-journ\u00e9e pour visiter <strong data-start=\"658\" data-end=\"688\">l\u2019\u00e9glise St Georges (1485)<\/strong>, situ\u00e9e au sommet de l\u2019\u00eele, pr\u00e8s du cimeti\u00e8re marin.<\/p><p class=\"\" data-start=\"149\" data-end=\"347\"><strong data-start=\"743\" data-end=\"780\">Baignade dans une mer cristalline<\/strong>, Primo\u0161ten est \u00e9galement r\u00e9put\u00e9 pour son <strong data-start=\"822\" data-end=\"840\">huile d\u2019olives<\/strong> et connu par un des meilleurs <strong data-start=\"871\" data-end=\"905\">vins rouges croates : \u201cBabi\u0107.\u201d<\/strong><\/p><p class=\"\" data-start=\"149\" data-end=\"347\"><strong data-start=\"912\" data-end=\"934\">Ce prix comprend :<\/strong> Transfert, guide Francophone<\/p><p class=\"\" data-start=\"149\" data-end=\"347\"><strong data-start=\"966\" data-end=\"979\">Adultes :<\/strong> 30\u20ac \/ <strong data-start=\"986\" data-end=\"1011\">Enfants 05 \u00e0 10 ans :<\/strong> 20\u20ac<\/p>\t\t\t\t\t\t\t\t<\/div>\n\t\t\t\t<\/div>\n\t\t\t\t<\/div>\n\t\t\t\t\t<\/div>\n\t\t\t\t<\/div>\n\t\t<div class=\"elementor-element elementor-element-a51b05f e-flex e-con-boxed e-con e-parent\" data-id=\"a51b05f\" data-element_type=\"container\">\n\t\t\t\t\t<div class=\"e-con-inner\">\n\t\t<div class=\"elementor-element elementor-element-aa990c5 e-con-full e-flex e-con e-child\" data-id=\"aa990c5\" data-element_type=\"container\">\n\t\t\t\t<div class=\"elementor-element elementor-element-d0640db elementor-widget elementor-widget-text-editor\" data-id=\"d0640db\" data-element_type=\"widget\" data-widget_type=\"text-editor.default\">\n\t\t\t\t<div class=\"elementor-widget-container\">\n\t\t\t\t\t\t\t\t\t<p class=\"\" data-start=\"154\" data-end=\"501\"><strong>Veuillez nous contacter pour conna\u00eetre les dates et horaires sp\u00e9cifiques.<\/strong><\/p>\t\t\t\t\t\t\t\t<\/div>\n\t\t\t\t<\/div>\n\t\t\t\t<\/div>\n\t\t<div class=\"elementor-element elementor-element-163684d e-con-full e-flex e-con e-child\" data-id=\"163684d\" data-element_type=\"container\">\n\t\t\t\t<div class=\"elementor-element elementor-element-3c6e13f elementor-view-default elementor-widget elementor-widget-icon\" data-id=\"3c6e13f\" data-element_type=\"widget\" data-widget_type=\"icon.default\">\n\t\t\t\t<div class=\"elementor-widget-container\">\n\t\t\t\t\t\t\t<div class=\"elementor-icon-wrapper\">\n\t\t\t<a class=\"elementor-icon\" href=\"https:\/\/wa.link\/u9jur0\" target=\"_blank\">\n\t\t\t<svg aria-hidden=\"true\" class=\"e-font-icon-svg e-fab-whatsapp\" viewBox=\"0 0 448 512\" xmlns=\"http:\/\/www.w3.org\/2000\/svg\"><path d=\"M380.9 97.1C339 55.1 283.2 32 223.9 32c-122.4 0-222 99.6-222 222 0 39.1 10.2 77.3 29.6 111L0 480l117.7-30.9c32.4 17.7 68.9 27 106.1 27h.1c122.3 0 224.1-99.6 224.1-222 0-59.3-25.2-115-67.1-157zm-157 341.6c-33.2 0-65.7-8.9-94-25.7l-6.7-4-69.8 18.3L72 359.2l-4.4-7c-18.5-29.4-28.2-63.3-28.2-98.2 0-101.7 82.8-184.5 184.6-184.5 49.3 0 95.6 19.2 130.4 54.1 34.8 34.9 56.2 81.2 56.1 130.5 0 101.8-84.9 184.6-186.6 184.6zm101.2-138.2c-5.5-2.8-32.8-16.2-37.9-18-5.1-1.9-8.8-2.8-12.5 2.8-3.7 5.6-14.3 18-17.6 21.8-3.2 3.7-6.5 4.2-12 1.4-32.6-16.3-54-29.1-75.5-66-5.7-9.8 5.7-9.1 16.3-30.3 1.8-3.7.9-6.9-.5-9.7-1.4-2.8-12.5-30.1-17.1-41.2-4.5-10.8-9.1-9.3-12.5-9.5-3.2-.2-6.9-.2-10.6-.2-3.7 0-9.7 1.4-14.8 6.9-5.1 5.6-19.4 19-19.4 46.3 0 27.3 19.9 53.7 22.6 57.4 2.8 3.7 39.1 59.7 94.8 83.8 35.2 15.2 49 16.5 66.6 13.9 10.7-1.6 32.8-13.4 37.4-26.4 4.6-13 4.6-24.1 3.2-26.4-1.3-2.5-5-3.9-10.5-6.6z\"><\/path><\/svg>\t\t\t<\/a>\n\t\t<\/div>\n\t\t\t\t\t\t<\/div>\n\t\t\t\t<\/div>\n\t\t\t\t<div class=\"elementor-element elementor-element-26cd021 elementor-widget elementor-widget-text-editor\" data-id=\"26cd021\" data-element_type=\"widget\" data-widget_type=\"text-editor.default\">\n\t\t\t\t<div class=\"elementor-widget-container\">\n\t\t\t\t\t\t\t\t\t<p class=\"\" data-start=\"154\" data-end=\"501\">Telephone \u2013 Noella (+385 91 482 65 01)<\/p>\t\t\t\t\t\t\t\t<\/div>\n\t\t\t\t<\/div>\n\t\t\t\t<\/div>\n\t\t\t\t\t<\/div>\n\t\t\t\t<\/div>\n\t\t<div class=\"elementor-element elementor-element-2f0fd91 e-flex e-con-boxed e-con e-parent\" data-id=\"2f0fd91\" data-element_type=\"container\">\n\t\t\t\t\t<div class=\"e-con-inner\">\n\t\t<div class=\"elementor-element elementor-element-96a6303 e-con-full e-flex e-con e-child\" data-id=\"96a6303\" data-element_type=\"container\">\n\t\t\t\t<div class=\"elementor-element elementor-element-05d50d7 elementor-widget elementor-widget-image\" data-id=\"05d50d7\" data-element_type=\"widget\" data-widget_type=\"image.default\">\n\t\t\t\t<div class=\"elementor-widget-container\">\n\t\t\t\t\t\t\t\t\t\t\t\t\t\t\t<img fetchpriority=\"high\" decoding=\"async\" width=\"800\" height=\"450\" src=\"https:\/\/imperialis-split.com\/wp-content\/uploads\/2025\/05\/7-1024x576.png\" class=\"attachment-large size-large wp-image-42\" alt=\"\" srcset=\"https:\/\/imperialis-split.com\/wp-content\/uploads\/2025\/05\/7-1024x576.png 1024w, https:\/\/imperialis-split.com\/wp-content\/uploads\/2025\/05\/7-600x337.png 600w, https:\/\/imperialis-split.com\/wp-content\/uploads\/2025\/05\/7-300x169.png 300w, https:\/\/imperialis-split.com\/wp-content\/uploads\/2025\/05\/7-768x432.png 768w, https:\/\/imperialis-split.com\/wp-content\/uploads\/2025\/05\/7.png 1366w\" sizes=\"(max-width: 800px) 100vw, 800px\" \/>\t\t\t\t\t\t\t\t\t\t\t\t\t\t\t<\/div>\n\t\t\t\t<\/div>\n\t\t\t\t<\/div>\n\t\t<div class=\"elementor-element elementor-element-02332f2 e-con-full e-flex e-con e-child\" data-id=\"02332f2\" data-element_type=\"container\">\n\t\t\t\t<div class=\"elementor-element elementor-element-a4634d4 elementor-widget elementor-widget-heading\" data-id=\"a4634d4\" data-element_type=\"widget\" data-widget_type=\"heading.default\">\n\t\t\t\t<div class=\"elementor-widget-container\">\n\t\t\t\t\t<h2 class=\"elementor-heading-title elementor-size-default\">PRIMO\u0160TEN<\/h2>\t\t\t\t<\/div>\n\t\t\t\t<\/div>\n\t\t\t\t<div class=\"elementor-element elementor-element-cc5af6d elementor-widget elementor-widget-button\" data-id=\"cc5af6d\" data-element_type=\"widget\" data-widget_type=\"button.default\">\n\t\t\t\t<div class=\"elementor-widget-container\">\n\t\t\t\t\t\t\t\t\t<div class=\"elementor-button-wrapper\">\n\t\t\t\t\t<a class=\"elementor-button elementor-button-link elementor-size-sm\" href=\"https:\/\/imperialis-split.com\/?product=primosten\">\n\t\t\t\t\t\t<span class=\"elementor-button-content-wrapper\">\n\t\t\t\t\t\t\t\t\t<span class=\"elementor-button-text\">Cliquez ici pour acheter<\/span>\n\t\t\t\t\t<\/span>\n\t\t\t\t\t<\/a>\n\t\t\t\t<\/div>\n\t\t\t\t\t\t\t\t<\/div>\n\t\t\t\t<\/div>\n\t\t\t\t<div class=\"elementor-element elementor-element-ede1150 elementor-widget elementor-widget-text-editor\" data-id=\"ede1150\" data-element_type=\"widget\" data-widget_type=\"text-editor.default\">\n\t\t\t\t<div class=\"elementor-widget-container\">\n\t\t\t\t\t\t\t\t\t<p><strong>Important : Avant d\u2019effectuer votre achat, veuillez nous contacter au pr\u00e9alable par message ou appel au num\u00e9ro indiqu\u00e9 ci-dessus.<\/strong><\/p>\t\t\t\t\t\t\t\t<\/div>\n\t\t\t\t<\/div>\n\t\t\t\t<\/div>\n\t\t\t\t\t<\/div>\n\t\t\t\t<\/div>\n\t\t\t\t<\/div>\n\t\t","protected":false},"excerpt":{"rendered":"<p>LA PRESQU\u2019\u00ceLE DE PRIMO\u0160TEN (1\/2 JOURN\u00c9E) Situ\u00e9e \u00e0 30mn de l\u2019h\u00f4tel par la c\u00f4te, Primo\u0161ten \u00e9tait autrefois une petite \u00eele rocheuse en forme de c\u00f4ne, reli\u00e9e \u00e0 la terre ferme par un pont-levis, qui fut remplac\u00e9 par un terre-plein artificielle. Entour\u00e9 de 7 \u00eelots inhabit\u00e9s et connu pour \u00eatre un village de p\u00eacheur, Primo\u0161ten est [&hellip;]<\/p>\n","protected":false},"author":1,"featured_media":0,"parent":0,"menu_order":0,"comment_status":"closed","ping_status":"closed","template":"","meta":{"footnotes":""},"class_list":["post-359","page","type-page","status-publish","hentry"],"_links":{"self":[{"href":"https:\/\/imperialis-split.com\/index.php?rest_route=\/wp\/v2\/pages\/359","targetHints":{"allow":["GET"]}}],"collection":[{"href":"https:\/\/imperialis-split.com\/index.php?rest_route=\/wp\/v2\/pages"}],"about":[{"href":"https:\/\/imperialis-split.com\/index.php?rest_route=\/wp\/v2\/types\/page"}],"author":[{"embeddable":true,"href":"https:\/\/imperialis-split.com\/index.php?rest_route=\/wp\/v2\/users\/1"}],"replies":[{"embeddable":true,"href":"https:\/\/imperialis-split.com\/index.php?rest_route=%2Fwp%2Fv2%2Fcomments&post=359"}],"version-history":[{"count":5,"href":"https:\/\/imperialis-split.com\/index.php?rest_route=\/wp\/v2\/pages\/359\/revisions"}],"predecessor-version":[{"id":537,"href":"https:\/\/imperialis-split.com\/index.php?rest_route=\/wp\/v2\/pages\/359\/revisions\/537"}],"wp:attachment":[{"href":"https:\/\/imperialis-split.com\/index.php?rest_route=%2Fwp%2Fv2%2Fmedia&parent=359"}],"curies":[{"name":"wp","href":"https:\/\/api.w.org\/{rel}","templated":true}]}}