{"id":207,"date":"2025-05-12T21:23:16","date_gmt":"2025-05-12T21:23:16","guid":{"rendered":"https:\/\/imperialis-split.com\/?page_id=207"},"modified":"2025-05-23T09:29:57","modified_gmt":"2025-05-23T09:29:57","slug":"imperialis-protection-des-donnees","status":"publish","type":"page","link":"https:\/\/imperialis-split.com\/?page_id=207","title":{"rendered":"Imperialis | Protection des donn\u00e9es"},"content":{"rendered":"\t\t<div data-elementor-type=\"wp-page\" data-elementor-id=\"207\" class=\"elementor elementor-207\" data-elementor-post-type=\"page\">\n\t\t\t\t<div class=\"elementor-element elementor-element-b479cb9 e-flex e-con-boxed e-con e-parent\" data-id=\"b479cb9\" data-element_type=\"container\">\n\t\t\t\t\t<div class=\"e-con-inner\">\n\t\t\t\t<div class=\"elementor-element elementor-element-25020cf elementor-widget elementor-widget-heading\" data-id=\"25020cf\" data-element_type=\"widget\" data-widget_type=\"heading.default\">\n\t\t\t\t<div class=\"elementor-widget-container\">\n\t\t\t\t\t<h2 class=\"elementor-heading-title elementor-size-default\">PRAVILNIK O ZA\u0160TITI OSOBNIH PODATAKA<\/h2>\t\t\t\t<\/div>\n\t\t\t\t<\/div>\n\t\t\t\t<div class=\"elementor-element elementor-element-5306405 elementor-widget elementor-widget-text-editor\" data-id=\"5306405\" data-element_type=\"widget\" data-widget_type=\"text-editor.default\">\n\t\t\t\t<div class=\"elementor-widget-container\">\n\t\t\t\t\t\t\t\t\t<p data-start=\"72\" data-end=\"283\"><strong data-start=\"72\" data-end=\"103\">A) Voditelj obrade podataka<\/strong><br data-start=\"103\" data-end=\"106\" \/>IMPERIALIS putni\u010dka agencija d.o.o. s registriranim sjedi\u0161tem na adresi Ulica Slobode 5 u Splitu je voditelj obrade osobnih podataka u skladu s Op\u0107om uredbom o za\u0161titi podataka.<\/p><p data-start=\"285\" data-end=\"907\">Obrada osobnih podataka je bilo koja radnja izvr\u0161ena na osobnim podacima, poput primjerice prikupljanja, pohrane, upotrebe, uvida i prijenosa osobnih podataka. Osobni podatak je svaki podatak koji se odnosi na fizi\u010dku osobu \u010diji je identitet utvr\u0111en ili se mo\u017ee utvrditi, izravno ili neizravno.<br data-start=\"579\" data-end=\"582\" \/>IMPERIALIS putni\u010dka agencija d.o.o. je donijela Pravilnik o za\u0161titi osobnih podataka koji je u skladu s navedenom Op\u0107om uredbom te se on primjenjuje na sve osobne podatke fizi\u010dkih osoba koje voditelj obrade prikuplja i obra\u0111uje, izravno ili putem svojih partnera.<br data-start=\"845\" data-end=\"848\" \/>Voditelja obrade se mo\u017ee kontaktirati na sljede\u0107e na\u010dine:<\/p><ul data-start=\"908\" data-end=\"986\"><li data-start=\"908\" data-end=\"947\"><p data-start=\"910\" data-end=\"947\">E-mailom: <a class=\"cursor-pointer\" rel=\"noopener\" data-start=\"920\" data-end=\"945\">imperialis.st@outlook.com<\/a><\/p><\/li><li data-start=\"948\" data-end=\"986\"><p data-start=\"950\" data-end=\"986\">Po\u0161tom: Ulica Slobode 5, 21000 Split<\/p><\/li><\/ul><p data-start=\"993\" data-end=\"1108\"><strong data-start=\"993\" data-end=\"1030\">B) Na\u010dela obrade osobnih podataka<\/strong><br data-start=\"1030\" data-end=\"1033\" \/>Primjenjena na\u010dela prilikom obrade osobnih podataka kod Voditelja obrade:<\/p><ul data-start=\"1109\" data-end=\"2758\"><li data-start=\"1109\" data-end=\"1883\"><p data-start=\"1111\" data-end=\"1219\"><strong data-start=\"1111\" data-end=\"1154\">Zakonitost, po\u0161tenost i transparentnost<\/strong> \u2013 obrada se provodi na temelju jednog od sljede\u0107ih parametara:<\/p><ul data-start=\"1222\" data-end=\"1883\"><li data-start=\"1222\" data-end=\"1290\"><p data-start=\"1224\" data-end=\"1290\">Obrada je nu\u017ena radi po\u0161tivanja pravnih obveza voditelja obrade,<\/p><\/li><li data-start=\"1293\" data-end=\"1442\"><p data-start=\"1295\" data-end=\"1442\">Obrada je nu\u017ena za izvr\u0161avanje ugovora u kojem je ispitanik stranka ili kako bi se poduzele radnje na zahtjev ispitanika prije sklapanja ugovora,<\/p><\/li><li data-start=\"1445\" data-end=\"1538\"><p data-start=\"1447\" data-end=\"1538\">Obrada je nu\u017ena kako bi se za\u0161titili klju\u010dni interesi ispitanika ili druge fizi\u010dke osobe,<\/p><\/li><li data-start=\"1541\" data-end=\"1785\"><p data-start=\"1543\" data-end=\"1785\">Obrada je nu\u017ena za potrebe legitimnih interesa voditelja obrade ili tre\u0107e strane, osim kada su od tih interesa ja\u010di interesi ili temeljna prava i slobode ispitanika koji zahtijevaju za\u0161titu osobnih podataka, osobito ako je ispitanik dijete,<\/p><\/li><li data-start=\"1788\" data-end=\"1883\"><p data-start=\"1790\" data-end=\"1883\">Ispitanik je dao privolu za obradu svojih osobnih podataka u jednu ili vi\u0161e posebnih svrha.<\/p><\/li><\/ul><\/li><li data-start=\"1885\" data-end=\"2019\"><p data-start=\"1887\" data-end=\"2019\">Osobni podaci su prikupljeni u posebne, izri\u010dite i zakonite svrhe te se ne\u0107e obra\u0111ivati na na\u010din koji nije u skladu s tim svrhama.<\/p><\/li><li data-start=\"2020\" data-end=\"2145\"><p data-start=\"2022\" data-end=\"2145\">Primjerenost, relevantnost i ograni\u010denost na samo nu\u017ene podatke potrebne za izvr\u0161avanje svrhe zbog koje su i prikupljeni.<\/p><\/li><li data-start=\"2146\" data-end=\"2169\"><p data-start=\"2148\" data-end=\"2169\">To\u010dnost i a\u017eurnost.<\/p><\/li><li data-start=\"2170\" data-end=\"2330\"><p data-start=\"2172\" data-end=\"2330\">Osobni podaci se \u010duvaju u obliku koji omogu\u0107uje identifikaciju ispitanika samo onoliko dugo koliko je potrebno u svrhe radi kojih se osobni podaci obra\u0111uju.<\/p><\/li><li data-start=\"2331\" data-end=\"2630\"><p data-start=\"2333\" data-end=\"2630\"><strong data-start=\"2333\" data-end=\"2364\">Cjelovitost i povjerljivost<\/strong> \u2013 osobni podaci se obra\u0111uju na na\u010din kojim se osigurava odgovaraju\u0107a sigurnost osobnih podataka, uklju\u010duju\u0107i za\u0161titu od neovla\u0161tene ili nezakonite obrade te od slu\u010dajnog gubitka, uni\u0161tenja ili o\u0161te\u0107enja primjenom odgovaraju\u0107ih tehni\u010dkih ili organizacijskih mjera.<\/p><\/li><li data-start=\"2631\" data-end=\"2758\"><p data-start=\"2633\" data-end=\"2758\"><strong data-start=\"2633\" data-end=\"2647\">Pouzdanost<\/strong> \u2013 voditelj obrade je odgovoran za ranije navedena na\u010dela te je spreman pru\u017eiti dokaze o njihovoj provedenosti.<\/p><\/li><\/ul><p data-start=\"2765\" data-end=\"2895\"><strong data-start=\"2765\" data-end=\"2810\">C) Kako se prikupljaju Va\u0161i osobni podaci<\/strong><br data-start=\"2810\" data-end=\"2813\" \/>IMPERIALIS putni\u010dka agencija d.o.o. prikuplja osobne podatke na sljede\u0107e na\u010dine:<\/p><ul data-start=\"2896\" data-end=\"3172\"><li data-start=\"2896\" data-end=\"3026\"><p data-start=\"2898\" data-end=\"3026\">Direktnim kontaktom, bilo da nam po\u0161aljete poruku, nazovete nas telefonski, po\u0161aljete nam e-mail ili do\u0111ete osobno u na\u0161 ured.<\/p><\/li><li data-start=\"3027\" data-end=\"3057\"><p data-start=\"3029\" data-end=\"3057\">Ako koristite na\u0161u uslugu.<\/p><\/li><li data-start=\"3058\" data-end=\"3172\"><p data-start=\"3060\" data-end=\"3172\">Proslje\u0111ivanjem Va\u0161ih osobnih podataka od strane na\u0161ih partnera pod uvjetom da su proslije\u0111eni na legalan na\u010din.<\/p><\/li><\/ul><p><strong data-start=\"3179\" data-end=\"3217\">D) Koji Va\u0161i podaci se prikupljaju<\/strong><br data-start=\"3217\" data-end=\"3220\" \/>IMPERIALIS putni\u010dka agencija d.o.o. prikuplja samo osobne podatke koji su nu\u017eno potrebni za ispunjavanje svrhe. Listu svih osobnih podataka koje prikupljamo mo\u017eete dobiti na zahtjev.<\/p><p data-start=\"3409\" data-end=\"3521\"><strong data-start=\"3409\" data-end=\"3462\">E) Kako koristimo Va\u0161e prikupljene osobne podatke<\/strong><br data-start=\"3462\" data-end=\"3465\" \/>Prikupljeni osobni podaci se koriste u sljede\u0107e svrhe:<\/p><ul data-start=\"3522\" data-end=\"3691\"><li data-start=\"3522\" data-end=\"3554\"><p data-start=\"3524\" data-end=\"3554\">Izvr\u0161avanje ugovorne obveze.<\/p><\/li><li data-start=\"3555\" data-end=\"3612\"><p data-start=\"3557\" data-end=\"3612\">Utvr\u0111ivanje zadovoljstva izvr\u0161enom ugovornom obvezom.<\/p><\/li><li data-start=\"3613\" data-end=\"3652\"><p data-start=\"3615\" data-end=\"3652\">Rje\u0161avanje eventualnih reklamacija.<\/p><\/li><li data-start=\"3653\" data-end=\"3691\"><p data-start=\"3655\" data-end=\"3691\">Zadovoljavanje zakonskih regulativa.<\/p><\/li><\/ul><p><strong data-start=\"3698\" data-end=\"3737\">F) Sigurnost Va\u0161ih osobnih podataka<\/strong><br data-start=\"3737\" data-end=\"3740\" \/>Svi Va\u0161i osobni podaci su pohranjeni u poslovnom sustavu za\u0161ti\u0107enom \u0161iframa i enkripcijom te &lsquo;pristupa\u010dnosti&rsquo; samo odre\u0111enim zaposlenicima nu\u017enim za izvr\u0161enje poslovnih zadataka.<\/p><p data-start=\"3925\" data-end=\"4352\"><strong data-start=\"3925\" data-end=\"3970\">G) Duljina \u010duvanja Va\u0161ih osobnih podataka<\/strong><br data-start=\"3970\" data-end=\"3973\" \/>Va\u0161e osobne podatke \u010duvamo onoliko dugo koliko je potrebno za izvr\u0161avanje ugovorne obveze i legitimne svrhe (uklju\u010duju\u0107i reklamacije), odnosno do opoziva privole ukoliko se obrada temelji na privoli. U slu\u010daju kada pravni propisi nala\u017eu du\u017ei period \u010duvanja, onda se osobni podaci \u010duvaju sukladno va\u017ee\u0107im propisima. Podaci koji se vi\u0161e ne \u010duvaju se trajno bri\u0161u ili anonimiziraju.<\/p><p data-start=\"4359\" data-end=\"4427\"><strong data-start=\"4359\" data-end=\"4376\">H) Va\u0161a prava<\/strong><br data-start=\"4376\" data-end=\"4379\" \/>U skladu s Op\u0107om uredbom imate sljede\u0107a prava:<\/p><ul data-start=\"4428\" data-end=\"5195\"><li data-start=\"4428\" data-end=\"4705\"><p data-start=\"4430\" data-end=\"4493\">U trenutku prikupljanja podataka dobiti sljede\u0107e informacije:<\/p><ul data-start=\"4496\" data-end=\"4705\"><li data-start=\"4496\" data-end=\"4546\"><p data-start=\"4498\" data-end=\"4546\">Identitet i kontaktne podatke voditelja obrade<\/p><\/li><li data-start=\"4549\" data-end=\"4581\"><p data-start=\"4551\" data-end=\"4581\">Svrhu obrade i pravnu osnovu<\/p><\/li><li data-start=\"4584\" data-end=\"4623\"><p data-start=\"4586\" data-end=\"4623\">Legitimne interese voditelja obrade<\/p><\/li><li data-start=\"4626\" data-end=\"4666\"><p data-start=\"4628\" data-end=\"4666\">Primatelja ili kategorije primatelja<\/p><\/li><li data-start=\"4669\" data-end=\"4705\"><p data-start=\"4671\" data-end=\"4705\">Transfer podataka u tre\u0107e zemlje<\/p><\/li><\/ul><\/li><li data-start=\"4706\" data-end=\"4904\"><p data-start=\"4708\" data-end=\"4745\">Dobiti od voditelja obrade potvrdu:<\/p><ul data-start=\"4748\" data-end=\"4904\"><li data-start=\"4748\" data-end=\"4785\"><p data-start=\"4750\" data-end=\"4785\">Obra\u0111uju li se Va\u0161i osobni podaci<\/p><\/li><li data-start=\"4788\" data-end=\"4827\"><p data-start=\"4790\" data-end=\"4827\">Kako se Va\u0161i osobni podaci obra\u0111uju<\/p><\/li><li data-start=\"4830\" data-end=\"4848\"><p data-start=\"4832\" data-end=\"4848\">O svrsi obrade<\/p><\/li><li data-start=\"4851\" data-end=\"4904\"><p data-start=\"4853\" data-end=\"4904\">Koji Va\u0161i osobni podaci se prikupljaju i obra\u0111uju<\/p><\/li><\/ul><\/li><li data-start=\"4905\" data-end=\"4952\"><p data-start=\"4907\" data-end=\"4952\">Uvid u Va\u0161e osobne podatke koje posjedujemo<\/p><\/li><li data-start=\"4953\" data-end=\"5008\"><p data-start=\"4955\" data-end=\"5008\">Pravo na ispravak neto\u010dnih ili zastarjelih podataka<\/p><\/li><li data-start=\"5009\" data-end=\"5053\"><p data-start=\"5011\" data-end=\"5053\">Pravo na brisanje Va\u0161ih osobnih podataka<\/p><\/li><li data-start=\"5054\" data-end=\"5122\"><p data-start=\"5056\" data-end=\"5122\">Pravo na transfer Va\u0161ih osobnih podataka drugom voditelju obrade<\/p><\/li><li data-start=\"5123\" data-end=\"5154\"><p data-start=\"5125\" data-end=\"5154\">Pravo na povla\u010denje privole<\/p><\/li><li data-start=\"5155\" data-end=\"5195\"><p data-start=\"5157\" data-end=\"5195\">Pravo na tra\u017eenje ograni\u010davanja obrade<\/p><\/li><\/ul>\t\t\t\t\t\t\t\t<\/div>\n\t\t\t\t<\/div>\n\t\t\t\t<div class=\"elementor-element elementor-element-212f35b elementor-widget elementor-widget-heading\" data-id=\"212f35b\" data-element_type=\"widget\" data-widget_type=\"heading.default\">\n\t\t\t\t<div class=\"elementor-widget-container\">\n\t\t\t\t\t<h2 class=\"elementor-heading-title elementor-size-default\">R\u00c8GLEMENT SUR LA PROTECTION DES DONN\u00c9ES PERSONNELLES<\/h2>\t\t\t\t<\/div>\n\t\t\t\t<\/div>\n\t\t\t\t<div class=\"elementor-element elementor-element-4a4969c elementor-widget elementor-widget-text-editor\" data-id=\"4a4969c\" data-element_type=\"widget\" data-widget_type=\"text-editor.default\">\n\t\t\t\t<div class=\"elementor-widget-container\">\n\t\t\t\t\t\t\t\t\t<p data-start=\"6636\" data-end=\"7683\"><strong data-start=\"6636\" data-end=\"6680\">A) Responsable du traitement des donn\u00e9es<\/strong><br data-start=\"6680\" data-end=\"6683\" \/>IMPERIALIS agence de voyages d.o.o., dont le si\u00e8ge social est situ\u00e9 \u00e0 Ulica Slobode 5 \u00e0 Split, est le responsable du traitement des donn\u00e9es personnelles, conform\u00e9ment au R\u00e8glement g\u00e9n\u00e9ral sur la protection des donn\u00e9es (RGPD).<br data-start=\"6908\" data-end=\"6911\" \/>Le traitement des donn\u00e9es personnelles d\u00e9signe toute op\u00e9ration effectu\u00e9e sur les donn\u00e9es personnelles, comme leur collecte, stockage, utilisation, consultation ou transmission.<br data-start=\"7087\" data-end=\"7090\" \/>Une donn\u00e9e personnelle est toute information se rapportant \u00e0 une personne physique identifi\u00e9e ou identifiable, directement ou indirectement.<br data-start=\"7230\" data-end=\"7233\" \/>IMPERIALIS agence de voyages d.o.o. a adopt\u00e9 un R\u00e8glement sur la protection des donn\u00e9es personnelles conforme au RGPD, qui s\u2019applique \u00e0 toutes les donn\u00e9es personnelles des personnes physiques collect\u00e9es et trait\u00e9es par le responsable du traitement, directement ou via ses partenaires.<br data-start=\"7517\" data-end=\"7520\" \/>Le responsable du traitement peut \u00eatre contact\u00e9 de la mani\u00e8re suivante :<br data-start=\"7592\" data-end=\"7595\" \/>\u2022 Par e-mail : <a class=\"cursor-pointer\" rel=\"noopener\" data-start=\"7610\" data-end=\"7635\">imperialis.st@outlook.com<\/a><br data-start=\"7635\" data-end=\"7638\" \/>\u2022 Par courrier : Ulica Slobode 5, 21000 Split<\/p><p data-start=\"7685\" data-end=\"7964\"><strong data-start=\"7685\" data-end=\"7740\">B) Principes de traitement des donn\u00e9es personnelles<\/strong><br data-start=\"7740\" data-end=\"7743\" \/>Les principes appliqu\u00e9s lors du traitement des donn\u00e9es personnelles par le responsable du traitement sont les suivants :<br data-start=\"7863\" data-end=\"7866\" \/>\u2022 <strong data-start=\"7868\" data-end=\"7904\">Lic\u00e9it\u00e9, loyaut\u00e9 et transparence<\/strong> \u2013 le traitement repose sur l\u2019un des fondements suivants :<\/p><ul data-start=\"7967\" data-end=\"9505\"><li data-start=\"7967\" data-end=\"8046\"><p data-start=\"7969\" data-end=\"8046\">N\u00e9cessit\u00e9 pour respecter une obligation l\u00e9gale du responsable du traitement<\/p><\/li><li data-start=\"8049\" data-end=\"8187\"><p data-start=\"8051\" data-end=\"8187\">N\u00e9cessit\u00e9 \u00e0 l\u2019ex\u00e9cution d\u2019un contrat dont la personne concern\u00e9e est partie, ou pour prendre des mesures pr\u00e9contractuelles \u00e0 sa demande<\/p><\/li><li data-start=\"8190\" data-end=\"8295\"><p data-start=\"8192\" data-end=\"8295\">N\u00e9cessit\u00e9 pour prot\u00e9ger les int\u00e9r\u00eats vitaux de la personne concern\u00e9e ou d\u2019une autre personne physique<\/p><\/li><li data-start=\"8298\" data-end=\"8495\"><p data-start=\"8300\" data-end=\"8495\">N\u00e9cessit\u00e9 pour les int\u00e9r\u00eats l\u00e9gitimes du responsable du traitement ou d\u2019un tiers, sauf si les droits et libert\u00e9s fondamentaux de la personne concern\u00e9e priment, notamment s\u2019il s\u2019agit d\u2019un enfant<\/p><\/li><li data-start=\"8498\" data-end=\"9505\"><p data-start=\"8500\" data-end=\"9505\">Consentement explicite de la personne concern\u00e9e pour une ou plusieurs finalit\u00e9s sp\u00e9cifiques<br data-start=\"8591\" data-end=\"8594\" \/>\u2022 Les donn\u00e9es personnelles sont collect\u00e9es pour des finalit\u00e9s sp\u00e9cifiques, explicites et l\u00e9gitimes, et ne sont pas trait\u00e9es ult\u00e9rieurement de mani\u00e8re incompatible avec ces finalit\u00e9s.<br data-start=\"8776\" data-end=\"8779\" \/>\u2022 Le traitement est limit\u00e9 \u00e0 ce qui est pertinent et n\u00e9cessaire pour les finalit\u00e9s pour lesquelles les donn\u00e9es ont \u00e9t\u00e9 collect\u00e9es.<br data-start=\"8909\" data-end=\"8912\" \/>\u2022 Les donn\u00e9es doivent \u00eatre exactes et tenues \u00e0 jour.<br data-start=\"8964\" data-end=\"8967\" \/>\u2022 Les donn\u00e9es sont conserv\u00e9es uniquement pendant la dur\u00e9e n\u00e9cessaire aux finalit\u00e9s pour lesquelles elles sont trait\u00e9es.<br data-start=\"9086\" data-end=\"9089\" \/>\u2022 <strong data-start=\"9091\" data-end=\"9123\">Int\u00e9grit\u00e9 et confidentialit\u00e9<\/strong> \u2013 les donn\u00e9es sont trait\u00e9es de mani\u00e8re \u00e0 garantir une s\u00e9curit\u00e9 appropri\u00e9e, y compris contre tout traitement non autoris\u00e9, ill\u00e9gal ou toute perte accidentelle, destruction ou alt\u00e9ration, au moyen de mesures techniques ou organisationnelles ad\u00e9quates.<br data-start=\"9373\" data-end=\"9376\" \/>\u2022 <strong data-start=\"9378\" data-end=\"9396\">Responsabilit\u00e9<\/strong> \u2013 le responsable du traitement est tenu de respecter ces principes et de pouvoir en d\u00e9montrer la conformit\u00e9.<\/p><\/li><\/ul><p data-start=\"9507\" data-end=\"9868\"><strong data-start=\"9507\" data-end=\"9568\">C) Comment vos donn\u00e9es personnelles sont-elles collect\u00e9es<\/strong><br data-start=\"9568\" data-end=\"9571\" \/>IMPERIALIS agence de voyages d.o.o. collecte vos donn\u00e9es personnelles de plusieurs mani\u00e8res :<br data-start=\"9664\" data-end=\"9667\" \/>\u2022 Par contact direct : message, appel t\u00e9l\u00e9phonique, e-mail ou visite dans nos locaux<br data-start=\"9751\" data-end=\"9754\" \/>\u2022 Lors de l&rsquo;utilisation de nos services<br data-start=\"9793\" data-end=\"9796\" \/>\u2022 Par la transmission l\u00e9gale de donn\u00e9es personnelles par nos partenaires<\/p><p data-start=\"9870\" data-end=\"10103\"><strong data-start=\"9870\" data-end=\"9908\">D) Quelles donn\u00e9es sont collect\u00e9es<\/strong><br data-start=\"9908\" data-end=\"9911\" \/>IMPERIALIS ne collecte que les donn\u00e9es personnelles strictement n\u00e9cessaires \u00e0 l\u2019accomplissement des finalit\u00e9s pr\u00e9vues.<br data-start=\"10029\" data-end=\"10032\" \/>La liste compl\u00e8te des donn\u00e9es collect\u00e9es peut \u00eatre fournie sur demande.<\/p><p data-start=\"10105\" data-end=\"10406\"><strong data-start=\"10105\" data-end=\"10159\">E) Comment nous utilisons vos donn\u00e9es personnelles<\/strong><br data-start=\"10159\" data-end=\"10162\" \/>Les donn\u00e9es personnelles collect\u00e9es sont utilis\u00e9es aux fins suivantes :<br data-start=\"10233\" data-end=\"10236\" \/>\u2022 Ex\u00e9cution des obligations contractuelles<br data-start=\"10278\" data-end=\"10281\" \/>\u2022 \u00c9valuation de la satisfaction du service rendu<br data-start=\"10329\" data-end=\"10332\" \/>\u2022 Gestion des \u00e9ventuelles r\u00e9clamations<br data-start=\"10370\" data-end=\"10373\" \/>\u2022 Respect des obligations l\u00e9gales<\/p><p data-start=\"10408\" data-end=\"10636\"><strong data-start=\"10408\" data-end=\"10451\">F) S\u00e9curit\u00e9 de vos donn\u00e9es personnelles<\/strong><br data-start=\"10451\" data-end=\"10454\" \/>Toutes vos donn\u00e9es personnelles sont stock\u00e9es dans un syst\u00e8me informatique prot\u00e9g\u00e9 par mot de passe et cryptage, avec acc\u00e8s restreint uniquement aux employ\u00e9s dont la mission l\u2019exige.<\/p><p data-start=\"10638\" data-end=\"11139\"><strong data-start=\"10638\" data-end=\"10694\">G) Dur\u00e9e de conservation de vos donn\u00e9es personnelles<\/strong><br data-start=\"10694\" data-end=\"10697\" \/>Vos donn\u00e9es sont conserv\u00e9es aussi longtemps que n\u00e9cessaire \u00e0 l\u2019ex\u00e9cution du contrat et aux finalit\u00e9s l\u00e9gitimes (y compris la gestion des r\u00e9clamations), ou jusqu\u2019au retrait de votre consentement, si le traitement repose sur celui-ci.<br data-start=\"10929\" data-end=\"10932\" \/>Si une l\u00e9gislation impose une dur\u00e9e de conservation plus longue, les donn\u00e9es sont conserv\u00e9es selon cette l\u00e9gislation.<br data-start=\"11049\" data-end=\"11052\" \/>Les donn\u00e9es qui ne sont plus n\u00e9cessaires sont supprim\u00e9es d\u00e9finitivement ou anonymis\u00e9es.<\/p><p data-start=\"11141\" data-end=\"11288\"><strong data-start=\"11141\" data-end=\"11158\">H) Vos droits<\/strong><br data-start=\"11158\" data-end=\"11161\" \/>Conform\u00e9ment au RGPD, vous disposez des droits suivants :<br data-start=\"11218\" data-end=\"11221\" \/>\u2022 Au moment de la collecte, recevoir les informations suivantes :<\/p><ul data-start=\"11291\" data-end=\"12145\"><li data-start=\"11291\" data-end=\"11347\"><p data-start=\"11293\" data-end=\"11347\">Identit\u00e9 et coordonn\u00e9es du responsable du traitement<\/p><\/li><li data-start=\"11350\" data-end=\"11391\"><p data-start=\"11352\" data-end=\"11391\">Finalit\u00e9 du traitement et base l\u00e9gale<\/p><\/li><li data-start=\"11394\" data-end=\"11445\"><p data-start=\"11396\" data-end=\"11445\">Int\u00e9r\u00eats l\u00e9gitimes du responsable du traitement<\/p><\/li><li data-start=\"11448\" data-end=\"11496\"><p data-start=\"11450\" data-end=\"11496\">Destinataires ou cat\u00e9gories de destinataires<\/p><\/li><li data-start=\"11499\" data-end=\"11599\"><p data-start=\"11501\" data-end=\"11599\">Transfert \u00e9ventuel vers un pays tiers<br data-start=\"11538\" data-end=\"11541\" \/>\u2022 Obtenir du responsable du traitement la confirmation :<\/p><\/li><li data-start=\"11602\" data-end=\"11647\"><p data-start=\"11604\" data-end=\"11647\">Si vos donn\u00e9es personnelles sont trait\u00e9es<\/p><\/li><li data-start=\"11650\" data-end=\"11689\"><p data-start=\"11652\" data-end=\"11689\">La mani\u00e8re dont elles sont trait\u00e9es<\/p><\/li><li data-start=\"11692\" data-end=\"11721\"><p data-start=\"11694\" data-end=\"11721\">La finalit\u00e9 du traitement<\/p><\/li><li data-start=\"11724\" data-end=\"12145\"><p data-start=\"11726\" data-end=\"12145\">Les donn\u00e9es personnelles collect\u00e9es et trait\u00e9es vous concernant<br data-start=\"11789\" data-end=\"11792\" \/>\u2022 Acc\u00e9der \u00e0 vos donn\u00e9es personnelles d\u00e9tenues par le responsable<br data-start=\"11856\" data-end=\"11859\" \/>\u2022 Demander la rectification de donn\u00e9es inexactes ou obsol\u00e8tes<br data-start=\"11920\" data-end=\"11923\" \/>\u2022 Demander la suppression de vos donn\u00e9es personnelles<br data-start=\"11976\" data-end=\"11979\" \/>\u2022 Demander la portabilit\u00e9 de vos donn\u00e9es vers un autre responsable du traitement<br data-start=\"12059\" data-end=\"12062\" \/>\u2022 Retirer votre consentement \u00e0 tout moment<br data-start=\"12104\" data-end=\"12107\" \/>\u2022 Demander la limitation du traitement<\/p><\/li><\/ul>\t\t\t\t\t\t\t\t<\/div>\n\t\t\t\t<\/div>\n\t\t\t\t\t<\/div>\n\t\t\t\t<\/div>\n\t\t\t\t<\/div>\n\t\t","protected":false},"excerpt":{"rendered":"<p>PRAVILNIK O ZA\u0160TITI OSOBNIH PODATAKA A) Voditelj obrade podatakaIMPERIALIS putni\u010dka agencija d.o.o. s registriranim sjedi\u0161tem na adresi Ulica Slobode 5 u Splitu je voditelj obrade osobnih podataka u skladu s Op\u0107om uredbom o za\u0161titi podataka. Obrada osobnih podataka je bilo koja radnja izvr\u0161ena na osobnim podacima, poput primjerice prikupljanja, pohrane, upotrebe, uvida i prijenosa osobnih [&hellip;]<\/p>\n","protected":false},"author":1,"featured_media":0,"parent":0,"menu_order":0,"comment_status":"closed","ping_status":"closed","template":"","meta":{"footnotes":""},"class_list":["post-207","page","type-page","status-publish","hentry"],"_links":{"self":[{"href":"https:\/\/imperialis-split.com\/index.php?rest_route=\/wp\/v2\/pages\/207","targetHints":{"allow":["GET"]}}],"collection":[{"href":"https:\/\/imperialis-split.com\/index.php?rest_route=\/wp\/v2\/pages"}],"about":[{"href":"https:\/\/imperialis-split.com\/index.php?rest_route=\/wp\/v2\/types\/page"}],"author":[{"embeddable":true,"href":"https:\/\/imperialis-split.com\/index.php?rest_route=\/wp\/v2\/users\/1"}],"replies":[{"embeddable":true,"href":"https:\/\/imperialis-split.com\/index.php?rest_route=%2Fwp%2Fv2%2Fcomments&post=207"}],"version-history":[{"count":4,"href":"https:\/\/imperialis-split.com\/index.php?rest_route=\/wp\/v2\/pages\/207\/revisions"}],"predecessor-version":[{"id":527,"href":"https:\/\/imperialis-split.com\/index.php?rest_route=\/wp\/v2\/pages\/207\/revisions\/527"}],"wp:attachment":[{"href":"https:\/\/imperialis-split.com\/index.php?rest_route=%2Fwp%2Fv2%2Fmedia&parent=207"}],"curies":[{"name":"wp","href":"https:\/\/api.w.org\/{rel}","templated":true}]}}